{"id":22,"date":"2025-03-31T10:28:54","date_gmt":"2025-03-31T08:28:54","guid":{"rendered":"https:\/\/www.ardoiz.com\/pro\/?page_id=22"},"modified":"2025-09-22T11:40:59","modified_gmt":"2025-09-22T09:40:59","slug":"votre-personnalisation-dardoiz","status":"publish","type":"page","link":"https:\/\/www.ardoiz.com\/pro\/votre-personnalisation-dardoiz\/","title":{"rendered":"Votre personnalisation d\u2019ardoiz"},"content":{"rendered":"\t\t<div data-elementor-type=\"wp-page\" data-elementor-id=\"22\" class=\"elementor elementor-22\" data-elementor-post-type=\"page\">\n\t\t\t\t<div class=\"elementor-element elementor-element-c7f6692 e-flex e-con-boxed e-con e-parent\" data-id=\"c7f6692\" data-element_type=\"container\" data-e-type=\"container\" data-settings=\"{&quot;background_background&quot;:&quot;classic&quot;,&quot;jet_parallax_layout_list&quot;:[]}\">\n\t\t\t\t\t<div class=\"e-con-inner\">\n\t\t\t\t<div class=\"elementor-element elementor-element-0939ad2 elementor-widget__width-initial elementor-widget elementor-widget-heading\" data-id=\"0939ad2\" data-element_type=\"widget\" data-e-type=\"widget\" data-widget_type=\"heading.default\">\n\t\t\t\t\t<h1 class=\"elementor-heading-title elementor-size-default\">Le Portail Partenaire,\npour int\u00e9grer vos contenus et services num\u00e9riques sur votre parc de tablettes\u00a0<\/h1>\t\t\t\t<\/div>\n\t\t\t\t\t<\/div>\n\t\t\t\t<\/div>\n\t\t<div class=\"elementor-element elementor-element-5f914ca e-flex e-con-boxed e-con e-parent\" data-id=\"5f914ca\" data-element_type=\"container\" data-e-type=\"container\" data-settings=\"{&quot;jet_parallax_layout_list&quot;:[]}\">\n\t\t\t\t\t<div class=\"e-con-inner\">\n\t\t\t\t<div class=\"elementor-element elementor-element-2b1b58e elementor-widget elementor-widget-text-editor\" data-id=\"2b1b58e\" data-element_type=\"widget\" data-e-type=\"widget\" data-widget_type=\"text-editor.default\">\n\t\t\t\t\t\t\t\t\t<p>Le\u00a0Portail Partenaire vous permet de mettre \u00e0 disposition vos contenus et services digitaux pr\u00e9-install\u00e9s sur la tablette dans un espace d\u00e9di\u00e9 et accessible en 1 clic sur votre logo.<\/p>\t\t\t\t\t\t\t\t<\/div>\n\t\t\t\t\t<\/div>\n\t\t\t\t<\/div>\n\t\t<div class=\"elementor-element elementor-element-9537b09 e-flex e-con-boxed e-con e-parent\" data-id=\"9537b09\" data-element_type=\"container\" data-e-type=\"container\" data-settings=\"{&quot;jet_parallax_layout_list&quot;:[]}\">\n\t\t\t\t\t<div class=\"e-con-inner\">\n\t\t\t\t<div class=\"elementor-element elementor-element-6d30929 elementor-widget__width-auto elementor-widget-tablet__width-auto elementor-widget elementor-widget-heading\" data-id=\"6d30929\" data-element_type=\"widget\" data-e-type=\"widget\" data-widget_type=\"heading.default\">\n\t\t\t\t\t<h2 class=\"elementor-heading-title elementor-size-default\">Personnalisation de votre parc de tablettes ardoiz<\/h2>\t\t\t\t<\/div>\n\t\t\t\t<div class=\"elementor-element elementor-element-8f2d269 elementor-widget elementor-widget-image\" data-id=\"8f2d269\" data-element_type=\"widget\" data-e-type=\"widget\" data-widget_type=\"image.default\">\n\t\t\t\t\t\t\t\t\t\t\t\t\t\t\t<img fetchpriority=\"high\" decoding=\"async\" width=\"1269\" height=\"438\" src=\"https:\/\/www.ardoiz.com\/pro\/wp-content\/uploads\/2025\/05\/Copie-de-ardoiz-la-solution-dinclusion-numerique-pour-favoriser-le-maintien-a-domicile-de-la-prevention-au-suivi-du-parcours-de-soin-a-domicile.jpg\" class=\"attachment-full size-full wp-image-958\" alt=\"\" srcset=\"https:\/\/www.ardoiz.com\/pro\/wp-content\/uploads\/2025\/05\/Copie-de-ardoiz-la-solution-dinclusion-numerique-pour-favoriser-le-maintien-a-domicile-de-la-prevention-au-suivi-du-parcours-de-soin-a-domicile.jpg 1269w, https:\/\/www.ardoiz.com\/pro\/wp-content\/uploads\/2025\/05\/Copie-de-ardoiz-la-solution-dinclusion-numerique-pour-favoriser-le-maintien-a-domicile-de-la-prevention-au-suivi-du-parcours-de-soin-a-domicile-300x104.jpg 300w, https:\/\/www.ardoiz.com\/pro\/wp-content\/uploads\/2025\/05\/Copie-de-ardoiz-la-solution-dinclusion-numerique-pour-favoriser-le-maintien-a-domicile-de-la-prevention-au-suivi-du-parcours-de-soin-a-domicile-1024x353.jpg 1024w, https:\/\/www.ardoiz.com\/pro\/wp-content\/uploads\/2025\/05\/Copie-de-ardoiz-la-solution-dinclusion-numerique-pour-favoriser-le-maintien-a-domicile-de-la-prevention-au-suivi-du-parcours-de-soin-a-domicile-768x265.jpg 768w\" sizes=\"(max-width: 1269px) 100vw, 1269px\" \/>\t\t\t\t\t\t\t\t\t\t\t\t\t\t\t<\/div>\n\t\t\t\t\t<\/div>\n\t\t\t\t<\/div>\n\t\t<div class=\"elementor-element elementor-element-b6dc290 e-flex e-con-boxed e-con e-parent\" data-id=\"b6dc290\" data-element_type=\"container\" data-e-type=\"container\" data-settings=\"{&quot;jet_parallax_layout_list&quot;:[]}\">\n\t\t\t\t\t<div class=\"e-con-inner\">\n\t\t\t\t<div class=\"elementor-element elementor-element-b09dc97 elementor-widget__width-auto elementor-widget-tablet__width-auto elementor-widget-mobile__width-auto elementor-widget elementor-widget-heading\" data-id=\"b09dc97\" data-element_type=\"widget\" data-e-type=\"widget\" data-widget_type=\"heading.default\">\n\t\t\t\t\t<h2 class=\"elementor-heading-title elementor-size-default\">Le portail partenaire permet de  : <\/h2>\t\t\t\t<\/div>\n\t\t\t\t\t<\/div>\n\t\t\t\t<\/div>\n\t\t<div class=\"elementor-element elementor-element-745c45b e-flex e-con-boxed e-con e-parent\" data-id=\"745c45b\" data-element_type=\"container\" data-e-type=\"container\" data-settings=\"{&quot;jet_parallax_layout_list&quot;:[]}\">\n\t\t\t\t\t<div class=\"e-con-inner\">\n\t\t<div class=\"elementor-element elementor-element-afcedac e-con-full e-flex e-con e-child\" data-id=\"afcedac\" data-element_type=\"container\" data-e-type=\"container\" data-settings=\"{&quot;jet_parallax_layout_list&quot;:[]}\">\n\t\t\t\t<div class=\"elementor-element elementor-element-ac1938e elementor-widget__width-initial elementor-widget elementor-widget-image\" data-id=\"ac1938e\" data-element_type=\"widget\" data-e-type=\"widget\" data-widget_type=\"image.default\">\n\t\t\t\t\t\t\t\t\t\t\t\t\t\t\t<img decoding=\"async\" width=\"800\" height=\"600\" src=\"https:\/\/www.ardoiz.com\/pro\/wp-content\/uploads\/2025\/05\/CONTENU-portail-partenaire.jpg\" class=\"attachment-large size-large wp-image-962\" alt=\"\" srcset=\"https:\/\/www.ardoiz.com\/pro\/wp-content\/uploads\/2025\/05\/CONTENU-portail-partenaire.jpg 1024w, https:\/\/www.ardoiz.com\/pro\/wp-content\/uploads\/2025\/05\/CONTENU-portail-partenaire-300x225.jpg 300w, https:\/\/www.ardoiz.com\/pro\/wp-content\/uploads\/2025\/05\/CONTENU-portail-partenaire-768x576.jpg 768w\" sizes=\"(max-width: 800px) 100vw, 800px\" \/>\t\t\t\t\t\t\t\t\t\t\t\t\t\t\t<\/div>\n\t\t<div class=\"elementor-element elementor-element-7a8bd6f e-con-full e-flex e-con e-child\" data-id=\"7a8bd6f\" data-element_type=\"container\" data-e-type=\"container\" data-settings=\"{&quot;jet_parallax_layout_list&quot;:[]}\">\n\t\t\t\t<div class=\"elementor-element elementor-element-e2c3926 elementor-widget__width-auto elementor-widget-tablet__width-inherit elementor-widget elementor-widget-heading\" data-id=\"e2c3926\" data-element_type=\"widget\" data-e-type=\"widget\" data-widget_type=\"heading.default\">\n\t\t\t\t\t<h2 class=\"elementor-heading-title elementor-size-default\">Publier du contenu<\/h2>\t\t\t\t<\/div>\n\t\t\t\t<div class=\"elementor-element elementor-element-37a4f95 elementor-widget elementor-widget-text-editor\" data-id=\"37a4f95\" data-element_type=\"widget\" data-e-type=\"widget\" data-widget_type=\"text-editor.default\">\n\t\t\t\t\t\t\t\t\t<ul><li><strong>Animer un espace d\u00e9di\u00e9 pr\u00e9-install\u00e9 sur votre parc\u00a0de tablettes<\/strong>, avec l\u2019int\u00e9gration de vos contenus et vos services : lien vers le portail patient, applications de t\u00e9l\u00e9m\u00e9decine, objets connect\u00e9s, documents, liens url, etc.<br \/><br \/><\/li><li><strong>Communiquer sur la page d\u2019accueil de la tablette<\/strong>,\u00a0via des articles et notifications.<\/li><\/ul>\t\t\t\t\t\t\t\t<\/div>\n\t\t\t\t<\/div>\n\t\t\t\t<\/div>\n\t\t\t\t\t<\/div>\n\t\t\t\t<\/div>\n\t\t<div class=\"elementor-element elementor-element-4b7c623 e-flex e-con-boxed e-con e-parent\" data-id=\"4b7c623\" data-element_type=\"container\" data-e-type=\"container\" data-settings=\"{&quot;jet_parallax_layout_list&quot;:[]}\">\n\t\t\t\t\t<div class=\"e-con-inner\">\n\t\t<div class=\"elementor-element elementor-element-0033435 e-con-full e-flex e-con e-child\" data-id=\"0033435\" data-element_type=\"container\" data-e-type=\"container\" data-settings=\"{&quot;jet_parallax_layout_list&quot;:[]}\">\n\t\t<div class=\"elementor-element elementor-element-7971a5a e-con-full e-flex e-con e-child\" data-id=\"7971a5a\" data-element_type=\"container\" data-e-type=\"container\" data-settings=\"{&quot;jet_parallax_layout_list&quot;:[]}\">\n\t\t\t\t<div class=\"elementor-element elementor-element-5b23351 elementor-widget__width-auto elementor-widget-tablet__width-inherit elementor-widget elementor-widget-heading\" data-id=\"5b23351\" data-element_type=\"widget\" data-e-type=\"widget\" data-widget_type=\"heading.default\">\n\t\t\t\t\t<h2 class=\"elementor-heading-title elementor-size-default\">G\u00e9rer votre parc de tablettes<\/h2>\t\t\t\t<\/div>\n\t\t\t\t<div class=\"elementor-element elementor-element-e8528f9 elementor-widget elementor-widget-text-editor\" data-id=\"e8528f9\" data-element_type=\"widget\" data-e-type=\"widget\" data-widget_type=\"text-editor.default\">\n\t\t\t\t\t\t\t\t\t<p>Acc\u00e9dez aux profils utilisateurs de votre parc de tablettes pour adapter votre communication aupr\u00e8s des b\u00e9n\u00e9ficiaires (r\u00e9partition \u00e2ge, genre, zone g\u00e9ographique, Wifi\/4G).<br>Reconfiguration des tablettes.<\/p>\t\t\t\t\t\t\t\t<\/div>\n\t\t\t\t<\/div>\n\t\t\t\t<div class=\"elementor-element elementor-element-ac8e5bc elementor-widget__width-initial elementor-widget elementor-widget-image\" data-id=\"ac8e5bc\" data-element_type=\"widget\" data-e-type=\"widget\" data-widget_type=\"image.default\">\n\t\t\t\t\t\t\t\t\t\t\t\t\t\t\t<img decoding=\"async\" width=\"654\" height=\"408\" src=\"https:\/\/www.ardoiz.com\/pro\/wp-content\/uploads\/2025\/04\/Group-803.png\" class=\"attachment-large size-large wp-image-162\" alt=\"\" srcset=\"https:\/\/www.ardoiz.com\/pro\/wp-content\/uploads\/2025\/04\/Group-803.png 654w, https:\/\/www.ardoiz.com\/pro\/wp-content\/uploads\/2025\/04\/Group-803-300x187.png 300w\" sizes=\"(max-width: 654px) 100vw, 654px\" \/>\t\t\t\t\t\t\t\t\t\t\t\t\t\t\t<\/div>\n\t\t\t\t<\/div>\n\t\t\t\t\t<\/div>\n\t\t\t\t<\/div>\n\t\t<div class=\"elementor-element elementor-element-eb91e15 e-flex e-con-boxed e-con e-parent\" data-id=\"eb91e15\" data-element_type=\"container\" data-e-type=\"container\" data-settings=\"{&quot;jet_parallax_layout_list&quot;:[]}\">\n\t\t\t\t\t<div class=\"e-con-inner\">\n\t\t<div class=\"elementor-element elementor-element-84e54fc e-con-full e-flex e-con e-child\" data-id=\"84e54fc\" data-element_type=\"container\" data-e-type=\"container\" data-settings=\"{&quot;jet_parallax_layout_list&quot;:[]}\">\n\t\t\t\t<div class=\"elementor-element elementor-element-db94956 elementor-widget__width-initial elementor-widget elementor-widget-image\" data-id=\"db94956\" data-element_type=\"widget\" data-e-type=\"widget\" data-widget_type=\"image.default\">\n\t\t\t\t\t\t\t\t\t\t\t\t\t\t\t<img loading=\"lazy\" decoding=\"async\" width=\"654\" height=\"408\" src=\"https:\/\/www.ardoiz.com\/pro\/wp-content\/uploads\/2025\/04\/Group-805.png\" class=\"attachment-large size-large wp-image-164\" alt=\"\" srcset=\"https:\/\/www.ardoiz.com\/pro\/wp-content\/uploads\/2025\/04\/Group-805.png 654w, https:\/\/www.ardoiz.com\/pro\/wp-content\/uploads\/2025\/04\/Group-805-300x187.png 300w\" sizes=\"(max-width: 654px) 100vw, 654px\" \/>\t\t\t\t\t\t\t\t\t\t\t\t\t\t\t<\/div>\n\t\t<div class=\"elementor-element elementor-element-57dcb81 e-con-full e-flex e-con e-child\" data-id=\"57dcb81\" data-element_type=\"container\" data-e-type=\"container\" data-settings=\"{&quot;jet_parallax_layout_list&quot;:[]}\">\n\t\t\t\t<div class=\"elementor-element elementor-element-2c4c2f4 elementor-widget__width-auto elementor-widget-tablet__width-inherit elementor-widget elementor-widget-heading\" data-id=\"2c4c2f4\" data-element_type=\"widget\" data-e-type=\"widget\" data-widget_type=\"heading.default\">\n\t\t\t\t\t<h2 class=\"elementor-heading-title elementor-size-default\">Acc\u00e9der aux statistiques de votre tablette<\/h2>\t\t\t\t<\/div>\n\t\t\t\t<div class=\"elementor-element elementor-element-1a0a42c elementor-widget elementor-widget-text-editor\" data-id=\"1a0a42c\" data-element_type=\"widget\" data-e-type=\"widget\" data-widget_type=\"text-editor.default\">\n\t\t\t\t\t\t\t\t\t<ul><li><strong>Suivre les statistiques d\u2019usage de la tablette<\/strong>\u00a0(profil des utilisateurs, fr\u00e9quence de connexion, classement des fonctionnalit\u00e9s de la tablette les plus utilis\u00e9es\u2026)<br \/>\u00a0<\/li><li><strong>Suivez les statistiques de vos communications diffus\u00e9es\u00a0sur les tablettes, rattach\u00e9es au Portail Partenaire (<\/strong>classement des contenus ou applications les plus consult\u00e9s, nombre de visiteurs\u2026)<br \/>\u00a0<\/li><\/ul><p>Le Portail Partenaire\u00a0vous aide \u00e0 g\u00e9rer votre parc de tablettes et vous permet d\u2019obtenir des statistiques d\u2019usage de la tablette par les utilisateurs.\u00a0Tr\u00e8s pratique si vous souhaitez faire un bilan dans le cadre d\u2019un projet.<\/p>\t\t\t\t\t\t\t\t<\/div>\n\t\t\t\t<\/div>\n\t\t\t\t<\/div>\n\t\t\t\t\t<\/div>\n\t\t\t\t<\/div>\n\t\t<div class=\"elementor-element elementor-element-e403b10 e-flex e-con-boxed e-con e-parent\" data-id=\"e403b10\" data-element_type=\"container\" data-e-type=\"container\" data-settings=\"{&quot;background_background&quot;:&quot;classic&quot;,&quot;jet_parallax_layout_list&quot;:[]}\">\n\t\t\t\t\t<div class=\"e-con-inner\">\n\t\t<div class=\"elementor-element elementor-element-2a74398 e-con-full e-flex elementor-invisible e-con e-child\" data-id=\"2a74398\" data-element_type=\"container\" data-e-type=\"container\" data-settings=\"{&quot;background_background&quot;:&quot;classic&quot;,&quot;jet_parallax_layout_list&quot;:[],&quot;animation&quot;:&quot;customFadeInUp&quot;}\">\n\t\t\t\t<div class=\"elementor-element elementor-element-b9d2e68 elementor-widget__width-inherit elementor-widget elementor-widget-heading\" data-id=\"b9d2e68\" data-element_type=\"widget\" data-e-type=\"widget\" data-widget_type=\"heading.default\">\n\t\t\t\t\t<div class=\"elementor-heading-title elementor-size-default\">Vous souhaitez int\u00e9grer vos contenus et services num\u00e9riques sur les tablettes mises \u00e0 disposition de vos b\u00e9n\u00e9ficiaires ou patients ?<\/div>\t\t\t\t<\/div>\n\t\t\t\t<div class=\"elementor-element elementor-element-24e3836 elementor-align-center elementor-widget elementor-widget-button\" data-id=\"24e3836\" data-element_type=\"widget\" data-e-type=\"widget\" data-widget_type=\"button.default\">\n\t\t\t\t\t\t\t\t\t\t<a class=\"elementor-button elementor-button-link elementor-size-sm\" href=\"https:\/\/www.ardoiz.com\/pro\/nous-contacter\/\">\n\t\t\t\t\t\t<span class=\"elementor-button-content-wrapper\">\n\t\t\t\t\t\t\t\t\t<span class=\"elementor-button-text\">Nous contacter<\/span>\n\t\t\t\t\t<\/span>\n\t\t\t\t\t<\/a>\n\t\t\t\t\t\t\t\t<\/div>\n\t\t\t\t<\/div>\n\t\t\t\t\t<\/div>\n\t\t\t\t<\/div>\n\t\t\t\t<\/div>\n\t\t","protected":false},"excerpt":{"rendered":"<p>Le Portail Partenaire, pour int\u00e9grer vos contenus et services num\u00e9riques sur votre parc de tablettes\u00a0 Le\u00a0Portail Partenaire vous permet de mettre \u00e0 disposition vos contenus et services digitaux pr\u00e9-install\u00e9s sur la tablette dans un espace d\u00e9di\u00e9 et accessible en 1 clic sur votre logo. Personnalisation de votre parc de tablettes ardoiz Le portail partenaire permet [&hellip;]<\/p>\n","protected":false},"author":1,"featured_media":0,"parent":0,"menu_order":0,"comment_status":"closed","ping_status":"closed","template":"","meta":{"footnotes":""},"class_list":["post-22","page","type-page","status-publish","hentry"],"yoast_head":"<!-- This site is optimized with the Yoast SEO plugin v27.3 - https:\/\/yoast.com\/product\/yoast-seo-wordpress\/ -->\n<title>Votre personnalisation d\u2019ardoiz - Ardoiz Pro<\/title>\n<meta name=\"robots\" content=\"index, follow, max-snippet:-1, max-image-preview:large, max-video-preview:-1\" \/>\n<link rel=\"canonical\" href=\"https:\/\/www.ardoiz.com\/pro\/votre-personnalisation-dardoiz\/\" \/>\n<meta property=\"og:locale\" content=\"fr_FR\" \/>\n<meta property=\"og:type\" content=\"article\" \/>\n<meta property=\"og:title\" content=\"Votre personnalisation d\u2019ardoiz - Ardoiz Pro\" \/>\n<meta property=\"og:description\" content=\"Le Portail Partenaire, pour int\u00e9grer vos contenus et services num\u00e9riques sur votre parc de tablettes\u00a0 Le\u00a0Portail Partenaire vous permet de mettre \u00e0 disposition vos contenus et services digitaux pr\u00e9-install\u00e9s sur la tablette dans un espace d\u00e9di\u00e9 et accessible en 1 clic sur votre logo. Personnalisation de votre parc de tablettes ardoiz Le portail partenaire permet [&hellip;]\" \/>\n<meta property=\"og:url\" content=\"https:\/\/www.ardoiz.com\/pro\/votre-personnalisation-dardoiz\/\" \/>\n<meta property=\"og:site_name\" content=\"Ardoiz Pro\" \/>\n<meta property=\"article:modified_time\" content=\"2025-09-22T09:40:59+00:00\" \/>\n<meta property=\"og:image\" content=\"https:\/\/www.ardoiz.com\/pro\/wp-content\/uploads\/2025\/05\/Copie-de-ardoiz-la-solution-dinclusion-numerique-pour-favoriser-le-maintien-a-domicile-de-la-prevention-au-suivi-du-parcours-de-soin-a-domicile.jpg\" \/>\n\t<meta property=\"og:image:width\" content=\"1269\" \/>\n\t<meta property=\"og:image:height\" content=\"438\" \/>\n\t<meta property=\"og:image:type\" content=\"image\/jpeg\" \/>\n<meta name=\"twitter:card\" content=\"summary_large_image\" \/>\n<meta name=\"twitter:label1\" content=\"Dur\u00e9e de lecture estim\u00e9e\" \/>\n\t<meta name=\"twitter:data1\" content=\"2 minutes\" \/>\n<script type=\"application\/ld+json\" class=\"yoast-schema-graph\">{\"@context\":\"https:\\\/\\\/schema.org\",\"@graph\":[{\"@type\":\"WebPage\",\"@id\":\"https:\\\/\\\/www.ardoiz.com\\\/pro\\\/votre-personnalisation-dardoiz\\\/\",\"url\":\"https:\\\/\\\/www.ardoiz.com\\\/pro\\\/votre-personnalisation-dardoiz\\\/\",\"name\":\"Votre personnalisation d\u2019ardoiz - Ardoiz Pro\",\"isPartOf\":{\"@id\":\"https:\\\/\\\/www.ardoiz.com\\\/pro\\\/#website\"},\"primaryImageOfPage\":{\"@id\":\"https:\\\/\\\/www.ardoiz.com\\\/pro\\\/votre-personnalisation-dardoiz\\\/#primaryimage\"},\"image\":{\"@id\":\"https:\\\/\\\/www.ardoiz.com\\\/pro\\\/votre-personnalisation-dardoiz\\\/#primaryimage\"},\"thumbnailUrl\":\"https:\\\/\\\/www.ardoiz.com\\\/pro\\\/wp-content\\\/uploads\\\/2025\\\/05\\\/Copie-de-ardoiz-la-solution-dinclusion-numerique-pour-favoriser-le-maintien-a-domicile-de-la-prevention-au-suivi-du-parcours-de-soin-a-domicile.jpg\",\"datePublished\":\"2025-03-31T08:28:54+00:00\",\"dateModified\":\"2025-09-22T09:40:59+00:00\",\"breadcrumb\":{\"@id\":\"https:\\\/\\\/www.ardoiz.com\\\/pro\\\/votre-personnalisation-dardoiz\\\/#breadcrumb\"},\"inLanguage\":\"fr-FR\",\"potentialAction\":[{\"@type\":\"ReadAction\",\"target\":[\"https:\\\/\\\/www.ardoiz.com\\\/pro\\\/votre-personnalisation-dardoiz\\\/\"]}]},{\"@type\":\"ImageObject\",\"inLanguage\":\"fr-FR\",\"@id\":\"https:\\\/\\\/www.ardoiz.com\\\/pro\\\/votre-personnalisation-dardoiz\\\/#primaryimage\",\"url\":\"https:\\\/\\\/www.ardoiz.com\\\/pro\\\/wp-content\\\/uploads\\\/2025\\\/05\\\/Copie-de-ardoiz-la-solution-dinclusion-numerique-pour-favoriser-le-maintien-a-domicile-de-la-prevention-au-suivi-du-parcours-de-soin-a-domicile.jpg\",\"contentUrl\":\"https:\\\/\\\/www.ardoiz.com\\\/pro\\\/wp-content\\\/uploads\\\/2025\\\/05\\\/Copie-de-ardoiz-la-solution-dinclusion-numerique-pour-favoriser-le-maintien-a-domicile-de-la-prevention-au-suivi-du-parcours-de-soin-a-domicile.jpg\",\"width\":1269,\"height\":438,\"caption\":\"Copie de ardoiz, la solution d'inclusion num\u00e9rique pour favoriser le maintien \u00e0 domicile, de la pr\u00e9vention au suivi du parcours de soin \u00e0 domicile. - 1\"},{\"@type\":\"BreadcrumbList\",\"@id\":\"https:\\\/\\\/www.ardoiz.com\\\/pro\\\/votre-personnalisation-dardoiz\\\/#breadcrumb\",\"itemListElement\":[{\"@type\":\"ListItem\",\"position\":1,\"name\":\"Accueil\",\"item\":\"https:\\\/\\\/www.ardoiz.com\\\/pro\\\/\"},{\"@type\":\"ListItem\",\"position\":2,\"name\":\"Votre personnalisation d\u2019ardoiz\"}]},{\"@type\":\"WebSite\",\"@id\":\"https:\\\/\\\/www.ardoiz.com\\\/pro\\\/#website\",\"url\":\"https:\\\/\\\/www.ardoiz.com\\\/pro\\\/\",\"name\":\"Ardoiz Pro\",\"description\":\"\",\"potentialAction\":[{\"@type\":\"SearchAction\",\"target\":{\"@type\":\"EntryPoint\",\"urlTemplate\":\"https:\\\/\\\/www.ardoiz.com\\\/pro\\\/?s={search_term_string}\"},\"query-input\":{\"@type\":\"PropertyValueSpecification\",\"valueRequired\":true,\"valueName\":\"search_term_string\"}}],\"inLanguage\":\"fr-FR\"}]}<\/script>\n<!-- \/ Yoast SEO plugin. -->","yoast_head_json":{"title":"Votre personnalisation d\u2019ardoiz - Ardoiz Pro","robots":{"index":"index","follow":"follow","max-snippet":"max-snippet:-1","max-image-preview":"max-image-preview:large","max-video-preview":"max-video-preview:-1"},"canonical":"https:\/\/www.ardoiz.com\/pro\/votre-personnalisation-dardoiz\/","og_locale":"fr_FR","og_type":"article","og_title":"Votre personnalisation d\u2019ardoiz - Ardoiz Pro","og_description":"Le Portail Partenaire, pour int\u00e9grer vos contenus et services num\u00e9riques sur votre parc de tablettes\u00a0 Le\u00a0Portail Partenaire vous permet de mettre \u00e0 disposition vos contenus et services digitaux pr\u00e9-install\u00e9s sur la tablette dans un espace d\u00e9di\u00e9 et accessible en 1 clic sur votre logo. Personnalisation de votre parc de tablettes ardoiz Le portail partenaire permet [&hellip;]","og_url":"https:\/\/www.ardoiz.com\/pro\/votre-personnalisation-dardoiz\/","og_site_name":"Ardoiz Pro","article_modified_time":"2025-09-22T09:40:59+00:00","og_image":[{"width":1269,"height":438,"url":"https:\/\/www.ardoiz.com\/pro\/wp-content\/uploads\/2025\/05\/Copie-de-ardoiz-la-solution-dinclusion-numerique-pour-favoriser-le-maintien-a-domicile-de-la-prevention-au-suivi-du-parcours-de-soin-a-domicile.jpg","type":"image\/jpeg"}],"twitter_card":"summary_large_image","twitter_misc":{"Dur\u00e9e de lecture estim\u00e9e":"2 minutes"},"schema":{"@context":"https:\/\/schema.org","@graph":[{"@type":"WebPage","@id":"https:\/\/www.ardoiz.com\/pro\/votre-personnalisation-dardoiz\/","url":"https:\/\/www.ardoiz.com\/pro\/votre-personnalisation-dardoiz\/","name":"Votre personnalisation d\u2019ardoiz - Ardoiz Pro","isPartOf":{"@id":"https:\/\/www.ardoiz.com\/pro\/#website"},"primaryImageOfPage":{"@id":"https:\/\/www.ardoiz.com\/pro\/votre-personnalisation-dardoiz\/#primaryimage"},"image":{"@id":"https:\/\/www.ardoiz.com\/pro\/votre-personnalisation-dardoiz\/#primaryimage"},"thumbnailUrl":"https:\/\/www.ardoiz.com\/pro\/wp-content\/uploads\/2025\/05\/Copie-de-ardoiz-la-solution-dinclusion-numerique-pour-favoriser-le-maintien-a-domicile-de-la-prevention-au-suivi-du-parcours-de-soin-a-domicile.jpg","datePublished":"2025-03-31T08:28:54+00:00","dateModified":"2025-09-22T09:40:59+00:00","breadcrumb":{"@id":"https:\/\/www.ardoiz.com\/pro\/votre-personnalisation-dardoiz\/#breadcrumb"},"inLanguage":"fr-FR","potentialAction":[{"@type":"ReadAction","target":["https:\/\/www.ardoiz.com\/pro\/votre-personnalisation-dardoiz\/"]}]},{"@type":"ImageObject","inLanguage":"fr-FR","@id":"https:\/\/www.ardoiz.com\/pro\/votre-personnalisation-dardoiz\/#primaryimage","url":"https:\/\/www.ardoiz.com\/pro\/wp-content\/uploads\/2025\/05\/Copie-de-ardoiz-la-solution-dinclusion-numerique-pour-favoriser-le-maintien-a-domicile-de-la-prevention-au-suivi-du-parcours-de-soin-a-domicile.jpg","contentUrl":"https:\/\/www.ardoiz.com\/pro\/wp-content\/uploads\/2025\/05\/Copie-de-ardoiz-la-solution-dinclusion-numerique-pour-favoriser-le-maintien-a-domicile-de-la-prevention-au-suivi-du-parcours-de-soin-a-domicile.jpg","width":1269,"height":438,"caption":"Copie de ardoiz, la solution d'inclusion num\u00e9rique pour favoriser le maintien \u00e0 domicile, de la pr\u00e9vention au suivi du parcours de soin \u00e0 domicile. - 1"},{"@type":"BreadcrumbList","@id":"https:\/\/www.ardoiz.com\/pro\/votre-personnalisation-dardoiz\/#breadcrumb","itemListElement":[{"@type":"ListItem","position":1,"name":"Accueil","item":"https:\/\/www.ardoiz.com\/pro\/"},{"@type":"ListItem","position":2,"name":"Votre personnalisation d\u2019ardoiz"}]},{"@type":"WebSite","@id":"https:\/\/www.ardoiz.com\/pro\/#website","url":"https:\/\/www.ardoiz.com\/pro\/","name":"Ardoiz Pro","description":"","potentialAction":[{"@type":"SearchAction","target":{"@type":"EntryPoint","urlTemplate":"https:\/\/www.ardoiz.com\/pro\/?s={search_term_string}"},"query-input":{"@type":"PropertyValueSpecification","valueRequired":true,"valueName":"search_term_string"}}],"inLanguage":"fr-FR"}]}},"_links":{"self":[{"href":"https:\/\/www.ardoiz.com\/pro\/wp-json\/wp\/v2\/pages\/22","targetHints":{"allow":["GET"]}}],"collection":[{"href":"https:\/\/www.ardoiz.com\/pro\/wp-json\/wp\/v2\/pages"}],"about":[{"href":"https:\/\/www.ardoiz.com\/pro\/wp-json\/wp\/v2\/types\/page"}],"author":[{"embeddable":true,"href":"https:\/\/www.ardoiz.com\/pro\/wp-json\/wp\/v2\/users\/1"}],"replies":[{"embeddable":true,"href":"https:\/\/www.ardoiz.com\/pro\/wp-json\/wp\/v2\/comments?post=22"}],"version-history":[{"count":3,"href":"https:\/\/www.ardoiz.com\/pro\/wp-json\/wp\/v2\/pages\/22\/revisions"}],"predecessor-version":[{"id":137336,"href":"https:\/\/www.ardoiz.com\/pro\/wp-json\/wp\/v2\/pages\/22\/revisions\/137336"}],"wp:attachment":[{"href":"https:\/\/www.ardoiz.com\/pro\/wp-json\/wp\/v2\/media?parent=22"}],"curies":[{"name":"wp","href":"https:\/\/api.w.org\/{rel}","templated":true}]}}